{"id":728,"date":"2018-10-25T08:56:16","date_gmt":"2018-10-25T08:56:16","guid":{"rendered":"https:\/\/bsv93magdeburg.de\/?page_id=728"},"modified":"2022-10-06T07:26:31","modified_gmt":"2022-10-06T07:26:31","slug":"schiedsrichter-2","status":"publish","type":"page","link":"https:\/\/bsv93magdeburg.de\/?page_id=728","title":{"rendered":"Schiedsrichter"},"content":{"rendered":"\n<p>Ansprechpartner<br>Philipp Etzold<br>philipp-etzold@t-online.de<br><\/p>\n\n\n\n<p>Ihr habt Lust auf die etwas andere Karriere bei eurem Lieblingssport, dann bietet euch das Schiedsrichterwesen eine gute M\u00f6glichkeit diese zu verwirklichen. Seid mitten im Geschehen, trefft viele Entscheidungen und verdient euch ein wenig Taschengeld dazu, das umschreibt das Profil des Referees ganz gut. Ganz nebenbei entwickelt ihr Soft Skills im Bereich der Kommunikation, des Selbstbewusstseins sowie des Konfliktmanagements, die euch im privaten und beruflichen Alltag auf einen gro\u00dfen Erfahrungsschatz zur\u00fcckgreifen lassen. Vier unserer Schiedsrichter haben es so in Deutschland und der Welt schon nach ganz oben geschafft und bereisen Woche f\u00fcr Woche die Republik, wo sie gro\u00dfartige Atmosph\u00e4ren in ausverkauften Arenen genie\u00dfen oder bei internationalen Turnieren Gr\u00fc\u00dfe von fernen Orten senden k\u00f6nnen. &nbsp;<\/p>\n\n\n\n<p>Haben wir Euer Interesse geweckt? Dann meldet Euch bei uns!<\/p>\n\n\n\n\n\n<div class=\"wp-block-columns has-2-columns is-layout-flex wp-container-core-columns-is-layout-9d6595d7 wp-block-columns-is-layout-flex\">\n<div class=\"wp-block-column is-layout-flow wp-block-column-is-layout-flow\">\n<figure class=\"wp-block-table alignleft\"><table><tbody><tr><td>Geburtsjahr<\/td><td>1983<\/td><\/tr><tr><td>Wohnort<\/td><td>Magdeburg<\/td><\/tr><tr><td>SR seit<\/td><td>1999<\/td><\/tr><tr><td>DHB-Eins\u00e4tze<\/td><td>487<\/td><\/tr><tr><td>EHF-\/IHF-Eins\u00e4tze<\/td><td>96<\/td><\/tr><\/tbody><\/table><\/figure>\n<\/div>\n\n\n\n<div class=\"wp-block-column is-layout-flow wp-block-column-is-layout-flow\">\n<figure class=\"wp-block-image\"><img loading=\"lazy\" decoding=\"async\" width=\"140\" height=\"210\" src=\"https:\/\/bsv93magdeburg.de\/wp-content\/uploads\/2018\/10\/Toennies_Tobias_MKJ_0628.jpg\" alt=\"\" class=\"wp-image-732\"\/><figcaption>Tobias T\u00f6nnies<\/figcaption><\/figure>\n<\/div>\n<\/div>\n\n\n\n\n\n<div class=\"wp-block-columns has-2-columns is-layout-flex wp-container-core-columns-is-layout-9d6595d7 wp-block-columns-is-layout-flex\">\n<div class=\"wp-block-column is-layout-flow wp-block-column-is-layout-flow\">\n<figure class=\"wp-block-table\"><table><tbody><tr><td>Geburtsjahr<\/td><td>1983<\/td><\/tr><tr><td>Wohnort<\/td><td>Magdeburg<\/td><\/tr><tr><td>SR seit<\/td><td>1998<\/td><\/tr><tr><td>DHB-Eins\u00e4tze<\/td><td>487<\/td><\/tr><tr><td>EHF-\/IHF-Eins\u00e4tze<\/td><td>96<\/td><\/tr><\/tbody><\/table><\/figure>\n<\/div>\n\n\n\n<div class=\"wp-block-column is-layout-flow wp-block-column-is-layout-flow\">\n<figure class=\"wp-block-image\"><img loading=\"lazy\" decoding=\"async\" width=\"140\" height=\"210\" src=\"https:\/\/bsv93magdeburg.de\/wp-content\/uploads\/2018\/10\/Schulze_Robert_MKJ_0623.jpg\" alt=\"\" class=\"wp-image-731\"\/><figcaption>Robert Schulze<\/figcaption><\/figure>\n<\/div>\n<\/div>\n\n\n\n<div class=\"wp-block-columns has-2-columns is-layout-flex wp-container-core-columns-is-layout-9d6595d7 wp-block-columns-is-layout-flex\">\n<div class=\"wp-block-column is-layout-flow wp-block-column-is-layout-flow\">\n<figure class=\"wp-block-table\"><table><tbody><tr><td>Geburtsjahr<\/td><td>1975<\/td><\/tr><tr><td>Wohnort<\/td><td>Magdeburg<\/td><\/tr><tr><td>SR seit<\/td><td>1993<\/td><\/tr><tr><td>DHB-Eins\u00e4tze<\/td><td>628<\/td><\/tr><\/tbody><\/table><\/figure>\n\n\n\n<p><\/p>\n\n\n\n<figure class=\"wp-block-table\"><table><tbody><tr><td>Geburtsjahr<\/td><td>1977<\/td><\/tr><tr><td>Wohnort<\/td><td>Irxleben<\/td><\/tr><tr><td>SR seit<\/td><td>1993<\/td><\/tr><tr><td>DHB-Eins\u00e4tze<\/td><td>628<\/td><\/tr><\/tbody><\/table><\/figure>\n<\/div>\n\n\n\n<div class=\"wp-block-column is-layout-flow wp-block-column-is-layout-flow\">\n<figure class=\"wp-block-image\"><img loading=\"lazy\" decoding=\"async\" width=\"140\" height=\"210\" src=\"https:\/\/bsv93magdeburg.de\/wp-content\/uploads\/2018\/10\/Hartmann_Colin_MKJ_0464.jpg\" alt=\"\" class=\"wp-image-742\"\/><figcaption>Colin Hartmann<\/figcaption><\/figure>\n\n\n\n<figure class=\"wp-block-image\"><img loading=\"lazy\" decoding=\"async\" width=\"140\" height=\"210\" src=\"https:\/\/bsv93magdeburg.de\/wp-content\/uploads\/2018\/10\/Schneider_Stefan_MKJ_0466.jpg\" alt=\"\" class=\"wp-image-743\"\/><figcaption>Stefan Schneider<\/figcaption><\/figure>\n<\/div>\n<\/div>\n\n\n\n<p class=\"has-text-align-center\">Unser Schiedsrichterteam<\/p>\n\n\n\n<p class=\"has-small-font-size\"><br> <\/p>\n\n\n\n<figure class=\"wp-block-gallery columns-0 is-cropped wp-block-gallery-1\"><ul class=\"blocks-gallery-grid\"><li class=\"blocks-gallery-item\"><figure><img loading=\"lazy\" decoding=\"async\" width=\"1024\" height=\"768\" src=\"https:\/\/bsv93magdeburg.de\/wp-content\/uploads\/2022\/10\/IMG-20220928-WA0005.jpg\" alt=\"\" data-id=\"3780\" data-full-url=\"https:\/\/bsv93magdeburg.de\/wp-content\/uploads\/2022\/10\/IMG-20220928-WA0005.jpg\" data-link=\"https:\/\/bsv93magdeburg.de\/schiedsrichter-2\/img-20220928-wa0005\/\" class=\"wp-image-3780 is-layout-flex wp-block-gallery-is-layout-flex\" srcset=\"https:\/\/bsv93magdeburg.de\/wp-content\/uploads\/2022\/10\/IMG-20220928-WA0005.jpg 1024w, https:\/\/bsv93magdeburg.de\/wp-content\/uploads\/2022\/10\/IMG-20220928-WA0005-300x225.jpg 300w, https:\/\/bsv93magdeburg.de\/wp-content\/uploads\/2022\/10\/IMG-20220928-WA0005-768x576.jpg 768w, https:\/\/bsv93magdeburg.de\/wp-content\/uploads\/2022\/10\/IMG-20220928-WA0005-640x480.jpg 640w\" sizes=\"auto, (max-width: 1024px) 100vw, 1024px\" \/><\/figure><\/li><\/ul><\/figure>\n","protected":false},"excerpt":{"rendered":"<p>AnsprechpartnerPhilipp Etzoldphilipp-etzold@t-online.de Ihr habt Lust auf die etwas andere Karriere bei eurem Lieblingssport, dann bietet euch das Schiedsrichterwesen eine gute M\u00f6glichkeit diese zu verwirklichen. Seid mitten im Geschehen, trefft viele&#8230;<\/p>\n","protected":false},"author":10,"featured_media":0,"parent":0,"menu_order":0,"comment_status":"closed","ping_status":"closed","template":"","meta":{"advgb_blocks_editor_width":"","advgb_blocks_columns_visual_guide":"","footnotes":""},"class_list":["post-728","page","type-page","status-publish","hentry","entry"],"coauthors":[],"author_meta":{"author_link":"https:\/\/bsv93magdeburg.de\/?author=10","display_name":"Jens Ziegler"},"relative_dates":{"created":"Ver\u00f6ffentlicht 8\u00a0Jahren vor","modified":"Aktualisiert 4\u00a0Jahren vor"},"absolute_dates":{"created":"Ver\u00f6ffentlicht am 25. Oktober 2018","modified":"Aktualisiert am 6. Oktober 2022"},"absolute_dates_time":{"created":"Ver\u00f6ffentlicht am 25. Oktober 2018 8:56","modified":"Aktualisiert am 6. Oktober 2022 7:26"},"featured_img_caption":"","featured_img":false,"series_order":"","_links":{"self":[{"href":"https:\/\/bsv93magdeburg.de\/index.php?rest_route=\/wp\/v2\/pages\/728","targetHints":{"allow":["GET"]}}],"collection":[{"href":"https:\/\/bsv93magdeburg.de\/index.php?rest_route=\/wp\/v2\/pages"}],"about":[{"href":"https:\/\/bsv93magdeburg.de\/index.php?rest_route=\/wp\/v2\/types\/page"}],"author":[{"embeddable":true,"href":"https:\/\/bsv93magdeburg.de\/index.php?rest_route=\/wp\/v2\/users\/10"}],"replies":[{"embeddable":true,"href":"https:\/\/bsv93magdeburg.de\/index.php?rest_route=%2Fwp%2Fv2%2Fcomments&post=728"}],"version-history":[{"count":16,"href":"https:\/\/bsv93magdeburg.de\/index.php?rest_route=\/wp\/v2\/pages\/728\/revisions"}],"predecessor-version":[{"id":3801,"href":"https:\/\/bsv93magdeburg.de\/index.php?rest_route=\/wp\/v2\/pages\/728\/revisions\/3801"}],"wp:attachment":[{"href":"https:\/\/bsv93magdeburg.de\/index.php?rest_route=%2Fwp%2Fv2%2Fmedia&parent=728"}],"curies":[{"name":"wp","href":"https:\/\/api.w.org\/{rel}","templated":true}]}}