{"id":55,"date":"2018-09-22T20:17:57","date_gmt":"2018-09-22T20:17:57","guid":{"rendered":"http:\/\/preview.bsv-93.de\/?page_id=55"},"modified":"2026-03-12T13:37:15","modified_gmt":"2026-03-12T12:37:15","slug":"weiblich","status":"publish","type":"page","link":"https:\/\/bsv93magdeburg.de\/?page_id=55","title":{"rendered":"Weiblich"},"content":{"rendered":"<p><a href=\"https:\/\/bsv93magdeburg.de\/?page_id=137\">Weibliche C-Jugend<\/a><\/p>\n<p><a href=\"https:\/\/bsv93magdeburg.de\/?page_id=141\">Weibliche D-Jugend<\/a><\/p>\n<p><a href=\"https:\/\/bsv93magdeburg.de\/?page_id=186\">Weibliche E-Jugend<\/a><\/p>\n","protected":false},"excerpt":{"rendered":"<p>Weibliche C-Jugend Weibliche D-Jugend Weibliche E-Jugend<\/p>\n","protected":false},"author":10,"featured_media":0,"parent":0,"menu_order":0,"comment_status":"closed","ping_status":"closed","template":"","meta":{"advgb_blocks_editor_width":"","advgb_blocks_columns_visual_guide":"","footnotes":""},"class_list":["post-55","page","type-page","status-publish","hentry","entry"],"coauthors":[],"author_meta":{"author_link":"https:\/\/bsv93magdeburg.de\/?author=10","display_name":"Jens Ziegler"},"relative_dates":{"created":"Ver\u00f6ffentlicht 8\u00a0Jahren vor","modified":"Aktualisiert 1\u00a0Monat vor"},"absolute_dates":{"created":"Ver\u00f6ffentlicht am 22. September 2018","modified":"Aktualisiert am 12. M\u00e4rz 2026"},"absolute_dates_time":{"created":"Ver\u00f6ffentlicht am 22. September 2018 20:17","modified":"Aktualisiert am 12. M\u00e4rz 2026 13:37"},"featured_img_caption":"","featured_img":false,"series_order":"","_links":{"self":[{"href":"https:\/\/bsv93magdeburg.de\/index.php?rest_route=\/wp\/v2\/pages\/55","targetHints":{"allow":["GET"]}}],"collection":[{"href":"https:\/\/bsv93magdeburg.de\/index.php?rest_route=\/wp\/v2\/pages"}],"about":[{"href":"https:\/\/bsv93magdeburg.de\/index.php?rest_route=\/wp\/v2\/types\/page"}],"author":[{"embeddable":true,"href":"https:\/\/bsv93magdeburg.de\/index.php?rest_route=\/wp\/v2\/users\/10"}],"replies":[{"embeddable":true,"href":"https:\/\/bsv93magdeburg.de\/index.php?rest_route=%2Fwp%2Fv2%2Fcomments&post=55"}],"version-history":[{"count":13,"href":"https:\/\/bsv93magdeburg.de\/index.php?rest_route=\/wp\/v2\/pages\/55\/revisions"}],"predecessor-version":[{"id":5864,"href":"https:\/\/bsv93magdeburg.de\/index.php?rest_route=\/wp\/v2\/pages\/55\/revisions\/5864"}],"wp:attachment":[{"href":"https:\/\/bsv93magdeburg.de\/index.php?rest_route=%2Fwp%2Fv2%2Fmedia&parent=55"}],"curies":[{"name":"wp","href":"https:\/\/api.w.org\/{rel}","templated":true}]}}