{"id":54,"date":"2018-09-22T20:17:57","date_gmt":"2018-09-22T20:17:57","guid":{"rendered":"http:\/\/preview.bsv-93.de\/?page_id=54"},"modified":"2025-10-29T12:16:56","modified_gmt":"2025-10-29T11:16:56","slug":"maennlich","status":"publish","type":"page","link":"https:\/\/bsv93magdeburg.de\/?page_id=54","title":{"rendered":"M\u00e4nnlich"},"content":{"rendered":"<p><a href=\"https:\/\/bsv93magdeburg.de\/mja\/\">M\u00e4nnliche A-Jugend <\/a><\/p>\n<p><a href=\"https:\/\/bsv93magdeburg.de\/mjb\/\">M\u00e4nnliche B-Jugend 1<\/a><\/p>\n<p><a href=\"https:\/\/bsv93magdeburg.de\/mjb2\/\">M\u00e4nnliche B-Jugend 2<\/a><\/p>\n<p><a href=\"https:\/\/bsv93magdeburg.de\/mjc\/\">M\u00e4nnliche C-Jugend 1<\/a><\/p>\n<p><a href=\"http:\/\/bsv93magdeburg.de\/mjc2\">M\u00e4nnliche C-Jugend 2<\/a><\/p>\n<p>M\u00e4nnliche C-Jugend 3<\/p>\n<p><a href=\"https:\/\/bsv93magdeburg.de\/mjd\/\">M\u00e4nnliche D-Jugend 1<\/a><\/p>\n<p><a href=\"https:\/\/bsv93magdeburg.de\/mje\/\">M\u00e4nnliche D-Jugend 2<\/a><\/p>\n<p><a href=\"https:\/\/bsv93magdeburg.de\/?page_id=5008\">M\u00e4nnliche D-Jugend 3<\/a><\/p>\n<p><a href=\"https:\/\/bsv93magdeburg.de\/maennliche-e-jugend-2\/\">M\u00e4nnliche E-Jugend 1<br \/>\n<\/a><\/p>\n<p><a href=\"https:\/\/bsv93magdeburg.de\/maennliche-e-jugend-2-3\/\">M\u00e4nnliche E-Jugend 2<\/a><\/p>\n","protected":false},"excerpt":{"rendered":"<p>M\u00e4nnliche A-Jugend M\u00e4nnliche B-Jugend 1 M\u00e4nnliche B-Jugend 2 M\u00e4nnliche C-Jugend 1 M\u00e4nnliche C-Jugend 2 M\u00e4nnliche C-Jugend 3 M\u00e4nnliche D-Jugend 1 M\u00e4nnliche D-Jugend 2 M\u00e4nnliche D-Jugend 3 M\u00e4nnliche E-Jugend 1 M\u00e4nnliche&#8230;<\/p>\n","protected":false},"author":10,"featured_media":0,"parent":0,"menu_order":0,"comment_status":"closed","ping_status":"closed","template":"","meta":{"advgb_blocks_editor_width":"","advgb_blocks_columns_visual_guide":"","footnotes":""},"class_list":["post-54","page","type-page","status-publish","hentry","entry"],"coauthors":[],"author_meta":{"author_link":"https:\/\/bsv93magdeburg.de\/?author=10","display_name":"Jens Ziegler"},"relative_dates":{"created":"Ver\u00f6ffentlicht 8\u00a0Jahren vor","modified":"Aktualisiert 6\u00a0Monaten vor"},"absolute_dates":{"created":"Ver\u00f6ffentlicht am 22. September 2018","modified":"Aktualisiert am 29. Oktober 2025"},"absolute_dates_time":{"created":"Ver\u00f6ffentlicht am 22. September 2018 20:17","modified":"Aktualisiert am 29. Oktober 2025 12:16"},"featured_img_caption":"","featured_img":false,"series_order":"","_links":{"self":[{"href":"https:\/\/bsv93magdeburg.de\/index.php?rest_route=\/wp\/v2\/pages\/54","targetHints":{"allow":["GET"]}}],"collection":[{"href":"https:\/\/bsv93magdeburg.de\/index.php?rest_route=\/wp\/v2\/pages"}],"about":[{"href":"https:\/\/bsv93magdeburg.de\/index.php?rest_route=\/wp\/v2\/types\/page"}],"author":[{"embeddable":true,"href":"https:\/\/bsv93magdeburg.de\/index.php?rest_route=\/wp\/v2\/users\/10"}],"replies":[{"embeddable":true,"href":"https:\/\/bsv93magdeburg.de\/index.php?rest_route=%2Fwp%2Fv2%2Fcomments&post=54"}],"version-history":[{"count":10,"href":"https:\/\/bsv93magdeburg.de\/index.php?rest_route=\/wp\/v2\/pages\/54\/revisions"}],"predecessor-version":[{"id":5018,"href":"https:\/\/bsv93magdeburg.de\/index.php?rest_route=\/wp\/v2\/pages\/54\/revisions\/5018"}],"wp:attachment":[{"href":"https:\/\/bsv93magdeburg.de\/index.php?rest_route=%2Fwp%2Fv2%2Fmedia&parent=54"}],"curies":[{"name":"wp","href":"https:\/\/api.w.org\/{rel}","templated":true}]}}