{"id":37,"date":"2018-09-22T16:13:19","date_gmt":"2018-09-22T16:13:19","guid":{"rendered":"http:\/\/preview.bsv-93.de\/?page_id=37"},"modified":"2023-10-25T14:54:03","modified_gmt":"2023-10-25T12:54:03","slug":"impressum","status":"publish","type":"page","link":"https:\/\/bsv93magdeburg.de\/?page_id=37","title":{"rendered":"Impressum"},"content":{"rendered":"<div class=\"container\">\n<div id=\"primary\" class=\"content-area\">\n<article id=\"post-54\" class=\"post-54 page type-page status-publish hentry\">\n<div class=\"entry-content\">\n<p><strong>Kontaktdaten<\/strong><\/p>\n<p>Ballsportverein 93 Magdeburg-Olvenstedt e.V.<br \/>\nOthrichstrasse 32<br \/>\n39128 Magdeburg<br \/>\nvorstand@bsv93magdeburg.de<\/p>\n<p><strong>Vorstand<\/strong><\/p>\n<ul>\n<li>Andrea Schulze<\/li>\n<li>Mike H\u00f6fer<\/li>\n<li>Oliver Scheerenberg<\/li>\n<li>Maximilian Post<\/li>\n<\/ul>\n<p>Alle Rechte vorbehalten. Inhalt und Struktur der Website unterliegen dem Urheberrecht und anderen Gesetzen zum Schutz geistigen Eigentums. Die Verbreitung oder Ver\u00e4nderung des Inhalts dieser Seiten ist nicht gestattet. Des weiteren darf er nicht zu kommerziellen Zwecken kopiert werden.<\/p>\n<p><strong>Gew\u00e4hrleistungs-Ausschluss<\/strong><\/p>\n<p>Die Informationen unterliegen einer st\u00e4ndigen Kontrolle und werden laufend aktualisiert. Jedoch ist es m\u00f6glich, dass sich Daten trotz sorgf\u00e4ltigster \u00dcberpr\u00fcfung inzwischen ver\u00e4ndert haben. Aus diesem Grund wird keine Haftung oder Garantie hinsichtlich der Genauigkeit, Vollst\u00e4ndigkeit und Aktualit\u00e4t der auf diesen Seiten gegebenen Seiten \u00fcbernommen. Dies gilt ebenfalls f\u00fcr Websites, auf die in diesem Auftritt per Hyperlink verwiesen wird. Auch in soweit wird f\u00fcr den Inhalt keine Haftung \u00fcbernommen. Ferner bleibt das Recht vorbehalten, die zur Verf\u00fcgung gestellten Informationen zu \u00e4ndern oder zu erg\u00e4nzen.<\/p>\n<p><strong>Datenschutz<\/strong><\/p>\n<p>Eventuell werden Sie auf unserer Website um pers\u00f6nliche Daten gebeten. Diese werden nur gespeichert und verarbeitet, soweit dies zum Zwecke Ihrer individuellen Betreuung und zur Zusendung der von Ihnen gew\u00fcnschten Informationen notwendig ist. S\u00e4mtliche genannten Angaben werden entsprechend den geltenden datenschutzrechtlichen Bestimmungen vertraulich behandelt.<\/p>\n<\/div>\n<\/article>\n<\/div>\n<\/div>\n","protected":false},"excerpt":{"rendered":"<p>Kontaktdaten Ballsportverein 93 Magdeburg-Olvenstedt e.V. Othrichstrasse 32 39128 Magdeburg vorstand@bsv93magdeburg.de Vorstand Andrea Schulze Mike H\u00f6fer Oliver Scheerenberg Maximilian Post Alle Rechte vorbehalten. Inhalt und Struktur der Website unterliegen dem Urheberrecht&#8230;<\/p>\n","protected":false},"author":10,"featured_media":0,"parent":0,"menu_order":0,"comment_status":"closed","ping_status":"closed","template":"","meta":{"advgb_blocks_editor_width":"","advgb_blocks_columns_visual_guide":"","footnotes":""},"class_list":["post-37","page","type-page","status-publish","hentry","entry"],"coauthors":[],"author_meta":{"author_link":"https:\/\/bsv93magdeburg.de\/?author=10","display_name":"Jens Ziegler"},"relative_dates":{"created":"Ver\u00f6ffentlicht 8\u00a0Jahren vor","modified":"Aktualisiert 3\u00a0Jahren vor"},"absolute_dates":{"created":"Ver\u00f6ffentlicht am 22. September 2018","modified":"Aktualisiert am 25. Oktober 2023"},"absolute_dates_time":{"created":"Ver\u00f6ffentlicht am 22. September 2018 16:13","modified":"Aktualisiert am 25. Oktober 2023 14:54"},"featured_img_caption":"","featured_img":false,"series_order":"","_links":{"self":[{"href":"https:\/\/bsv93magdeburg.de\/index.php?rest_route=\/wp\/v2\/pages\/37","targetHints":{"allow":["GET"]}}],"collection":[{"href":"https:\/\/bsv93magdeburg.de\/index.php?rest_route=\/wp\/v2\/pages"}],"about":[{"href":"https:\/\/bsv93magdeburg.de\/index.php?rest_route=\/wp\/v2\/types\/page"}],"author":[{"embeddable":true,"href":"https:\/\/bsv93magdeburg.de\/index.php?rest_route=\/wp\/v2\/users\/10"}],"replies":[{"embeddable":true,"href":"https:\/\/bsv93magdeburg.de\/index.php?rest_route=%2Fwp%2Fv2%2Fcomments&post=37"}],"version-history":[{"count":4,"href":"https:\/\/bsv93magdeburg.de\/index.php?rest_route=\/wp\/v2\/pages\/37\/revisions"}],"predecessor-version":[{"id":4274,"href":"https:\/\/bsv93magdeburg.de\/index.php?rest_route=\/wp\/v2\/pages\/37\/revisions\/4274"}],"wp:attachment":[{"href":"https:\/\/bsv93magdeburg.de\/index.php?rest_route=%2Fwp%2Fv2%2Fmedia&parent=37"}],"curies":[{"name":"wp","href":"https:\/\/api.w.org\/{rel}","templated":true}]}}