{"id":307,"date":"2018-10-01T07:07:54","date_gmt":"2018-10-01T07:07:54","guid":{"rendered":"http:\/\/preview.bsv-93.de\/?page_id=307"},"modified":"2026-03-02T09:56:08","modified_gmt":"2026-03-02T08:56:08","slug":"kindergartensport","status":"publish","type":"page","link":"https:\/\/bsv93magdeburg.de\/?page_id=307","title":{"rendered":"Kindersport"},"content":{"rendered":"\n<p>F\u00fcr Jungen und M\u00e4dchen der Jahrg\u00e4nge 2019 und J\u00fcnger<\/p>\n\n\n\n<div class=\"wp-block-columns is-layout-flex wp-container-core-columns-is-layout-9d6595d7 wp-block-columns-is-layout-flex\">\n<div class=\"wp-block-column is-layout-flow wp-block-column-is-layout-flow\">\n<p><strong>Ansprechpartner<\/strong><\/p>\n\n\n\n<figure class=\"wp-block-image size-full\"><img loading=\"lazy\" decoding=\"async\" width=\"128\" height=\"128\" src=\"https:\/\/bsv93magdeburg.de\/wp-content\/uploads\/2025\/10\/IMG_1750-e1761992802621.jpeg\" alt=\"\" class=\"wp-image-5101\"\/><\/figure>\n\n\n\n<p>Jens Ziegler 0170-8660256<\/p>\n\n\n\n<figure class=\"wp-block-image size-full\"><img loading=\"lazy\" decoding=\"async\" width=\"128\" height=\"128\" src=\"https:\/\/bsv93magdeburg.de\/wp-content\/uploads\/2025\/10\/IMG_1751-e1761993037999.jpeg\" alt=\"\" class=\"wp-image-5102\"\/><\/figure>\n\n\n\n<p>Heike Bertram 0176-85704396<\/p>\n<\/div>\n\n\n\n<div class=\"wp-block-column is-layout-flow wp-block-column-is-layout-flow\">\n<p><strong>Trainingszeiten<\/strong><\/p>\n\n\n\n<p>Donnerstags 15:30 Uhr - 16:30 Uhr Sporthalle GS Grenzweg<\/p>\n\n\n\n<p><strong>Saisonziel<\/strong><\/p>\n\n\n\n<p>Bewegung steht beim Kindersport im Vordergrund. Die Kinder sollen durch Spiel und Spa\u00df an den Handballsport herangef\u00fchrt werden.<\/p>\n<\/div>\n<\/div>\n\n\n\n<div class=\"wp-block-advgb-images-slider advgb-images-slider-block advg-images-slider-86a472be-22fd-456d-adfd-ffdf2aa35441\"><div class=\"advgb-images-slider\" dir=\"ltr\"><div class=\"advgb-image-slider-item\"><img decoding=\"async\" src=\"https:\/\/bsv93magdeburg.de\/wp-content\/uploads\/2026\/03\/IMG_1266-scaled.jpeg\" class=\"advgb-image-slider-img\" alt=\"\" style=\"width:100%;height:auto\"\/><div class=\"advgb-image-slider-item-info\" style=\"justify-content:center;align-items:center\"><\/div><\/div><div class=\"advgb-image-slider-item\"><img decoding=\"async\" src=\"https:\/\/bsv93magdeburg.de\/wp-content\/uploads\/2025\/11\/IMG_1828-scaled.jpeg\" class=\"advgb-image-slider-img\" alt=\"\" style=\"width:100%;height:auto\"\/><div class=\"advgb-image-slider-item-info\" style=\"justify-content:center;align-items:center\"><\/div><\/div><div class=\"advgb-image-slider-item\"><img decoding=\"async\" src=\"https:\/\/bsv93magdeburg.de\/wp-content\/uploads\/2025\/11\/IMG_1822-scaled.jpeg\" class=\"advgb-image-slider-img\" alt=\"\" style=\"width:100%;height:auto\"\/><div class=\"advgb-image-slider-item-info\" style=\"justify-content:center;align-items:center\"><\/div><\/div><div class=\"advgb-image-slider-item\"><img decoding=\"async\" src=\"https:\/\/bsv93magdeburg.de\/wp-content\/uploads\/2025\/11\/IMG_1819-scaled.jpeg\" class=\"advgb-image-slider-img\" alt=\"\" style=\"width:100%;height:auto\"\/><div class=\"advgb-image-slider-item-info\" style=\"justify-content:center;align-items:center\"><\/div><\/div><div class=\"advgb-image-slider-item\"><img decoding=\"async\" src=\"https:\/\/bsv93magdeburg.de\/wp-content\/uploads\/2025\/11\/IMG_1865-scaled.jpeg\" class=\"advgb-image-slider-img\" alt=\"\" style=\"width:100%;height:auto\"\/><div class=\"advgb-image-slider-item-info\" style=\"justify-content:center;align-items:center\"><\/div><\/div><div class=\"advgb-image-slider-item\"><img decoding=\"async\" src=\"https:\/\/bsv93magdeburg.de\/wp-content\/uploads\/2025\/11\/IMG_1864-scaled.jpeg\" class=\"advgb-image-slider-img\" alt=\"\" style=\"width:100%;height:auto\"\/><div class=\"advgb-image-slider-item-info\" style=\"justify-content:center;align-items:center\"><\/div><\/div><div class=\"advgb-image-slider-item\"><img decoding=\"async\" src=\"https:\/\/bsv93magdeburg.de\/wp-content\/uploads\/2025\/11\/IMG_1861-scaled.jpeg\" class=\"advgb-image-slider-img\" alt=\"\" style=\"width:100%;height:auto\"\/><div class=\"advgb-image-slider-item-info\" style=\"justify-content:center;align-items:center\"><\/div><\/div><div class=\"advgb-image-slider-item\"><img decoding=\"async\" src=\"https:\/\/bsv93magdeburg.de\/wp-content\/uploads\/2025\/11\/IMG_1862-scaled.jpeg\" class=\"advgb-image-slider-img\" alt=\"\" style=\"width:100%;height:auto\"\/><div class=\"advgb-image-slider-item-info\" style=\"justify-content:center;align-items:center\"><\/div><\/div><\/div><\/div>\n\n\n\n<figure class=\"wp-block-video\"><video height=\"2160\" style=\"aspect-ratio: 3840 \/ 2160;\" width=\"3840\" controls src=\"https:\/\/bsv93magdeburg.de\/wp-content\/uploads\/2025\/11\/IMG_1825.mov\"><\/video><\/figure>\n","protected":false},"excerpt":{"rendered":"<p>F\u00fcr Jungen und M\u00e4dchen der Jahrg\u00e4nge 2019 und J\u00fcnger Ansprechpartner Jens Ziegler 0170-8660256 Heike Bertram 0176-85704396 Trainingszeiten Donnerstags 15:30 Uhr - 16:30 Uhr Sporthalle GS Grenzweg Saisonziel Bewegung steht beim&#8230;<\/p>\n","protected":false},"author":10,"featured_media":0,"parent":0,"menu_order":0,"comment_status":"closed","ping_status":"closed","template":"","meta":{"advgb_blocks_editor_width":"","advgb_blocks_columns_visual_guide":"","footnotes":""},"class_list":["post-307","page","type-page","status-publish","hentry","entry"],"coauthors":[],"author_meta":{"author_link":"https:\/\/bsv93magdeburg.de\/?author=10","display_name":"Jens Ziegler"},"relative_dates":{"created":"Ver\u00f6ffentlicht 8\u00a0Jahren vor","modified":"Aktualisiert 1\u00a0Monat vor"},"absolute_dates":{"created":"Ver\u00f6ffentlicht am 1. Oktober 2018","modified":"Aktualisiert am 2. M\u00e4rz 2026"},"absolute_dates_time":{"created":"Ver\u00f6ffentlicht am 1. Oktober 2018 7:07","modified":"Aktualisiert am 2. M\u00e4rz 2026 9:56"},"featured_img_caption":"","featured_img":false,"series_order":"","_links":{"self":[{"href":"https:\/\/bsv93magdeburg.de\/index.php?rest_route=\/wp\/v2\/pages\/307","targetHints":{"allow":["GET"]}}],"collection":[{"href":"https:\/\/bsv93magdeburg.de\/index.php?rest_route=\/wp\/v2\/pages"}],"about":[{"href":"https:\/\/bsv93magdeburg.de\/index.php?rest_route=\/wp\/v2\/types\/page"}],"author":[{"embeddable":true,"href":"https:\/\/bsv93magdeburg.de\/index.php?rest_route=\/wp\/v2\/users\/10"}],"replies":[{"embeddable":true,"href":"https:\/\/bsv93magdeburg.de\/index.php?rest_route=%2Fwp%2Fv2%2Fcomments&post=307"}],"version-history":[{"count":30,"href":"https:\/\/bsv93magdeburg.de\/index.php?rest_route=\/wp\/v2\/pages\/307\/revisions"}],"predecessor-version":[{"id":5469,"href":"https:\/\/bsv93magdeburg.de\/index.php?rest_route=\/wp\/v2\/pages\/307\/revisions\/5469"}],"wp:attachment":[{"href":"https:\/\/bsv93magdeburg.de\/index.php?rest_route=%2Fwp%2Fv2%2Fmedia&parent=307"}],"curies":[{"name":"wp","href":"https:\/\/api.w.org\/{rel}","templated":true}]}}