{"id":262,"date":"2018-09-28T08:05:15","date_gmt":"2018-09-28T06:05:15","guid":{"rendered":"http:\/\/preview.bsv-93.de\/?page_id=262"},"modified":"2026-03-29T00:26:53","modified_gmt":"2026-03-28T23:26:53","slug":"sponsoren","status":"publish","type":"page","link":"https:\/\/bsv93magdeburg.de\/?page_id=262","title":{"rendered":"Sponsoren"},"content":{"rendered":"\n<div class=\"wp-block-columns has-2-columns is-layout-flex wp-container-core-columns-is-layout-9d6595d7 wp-block-columns-is-layout-flex\">\n<div class=\"wp-block-column is-layout-flow wp-block-column-is-layout-flow\"><\/div>\n<\/div>\n\n\n\n<div class=\"wp-block-columns has-2-columns is-layout-flex wp-container-core-columns-is-layout-9d6595d7 wp-block-columns-is-layout-flex\">\n<div class=\"wp-block-column is-layout-flow wp-block-column-is-layout-flow\">\n<div class=\"wp-block-group\"><div class=\"wp-block-group__inner-container is-layout-constrained wp-block-group-is-layout-constrained\">\n<h1 class=\"wp-block-heading\">Unsere Sponsoren<\/h1>\n\n\n\n<p><\/p>\n<\/div><\/div>\n\n\n\n<figure class=\"wp-block-image size-large is-resized\"><img loading=\"lazy\" decoding=\"async\" width=\"1024\" height=\"357\" src=\"https:\/\/bsv93magdeburg.de\/wp-content\/uploads\/2025\/08\/Logo_tuerkis_4c_1200px-1024x357.jpg\" alt=\"\" class=\"wp-image-4934\" style=\"width:713px;height:auto\" srcset=\"https:\/\/bsv93magdeburg.de\/wp-content\/uploads\/2025\/08\/Logo_tuerkis_4c_1200px-1024x357.jpg 1024w, https:\/\/bsv93magdeburg.de\/wp-content\/uploads\/2025\/08\/Logo_tuerkis_4c_1200px-300x105.jpg 300w, https:\/\/bsv93magdeburg.de\/wp-content\/uploads\/2025\/08\/Logo_tuerkis_4c_1200px-768x268.jpg 768w, https:\/\/bsv93magdeburg.de\/wp-content\/uploads\/2025\/08\/Logo_tuerkis_4c_1200px-640x223.jpg 640w, https:\/\/bsv93magdeburg.de\/wp-content\/uploads\/2025\/08\/Logo_tuerkis_4c_1200px.jpg 1200w\" sizes=\"auto, (max-width: 1024px) 100vw, 1024px\" \/><\/figure>\n\n\n\n<figure class=\"wp-block-image size-large\"><img loading=\"lazy\" decoding=\"async\" width=\"1024\" height=\"546\" src=\"https:\/\/bsv93magdeburg.de\/wp-content\/uploads\/2025\/08\/514204872_1242767810980991_5826353935679997508_n-1024x546.jpg\" alt=\"\" class=\"wp-image-4956\" srcset=\"https:\/\/bsv93magdeburg.de\/wp-content\/uploads\/2025\/08\/514204872_1242767810980991_5826353935679997508_n-1024x546.jpg 1024w, https:\/\/bsv93magdeburg.de\/wp-content\/uploads\/2025\/08\/514204872_1242767810980991_5826353935679997508_n-300x160.jpg 300w, https:\/\/bsv93magdeburg.de\/wp-content\/uploads\/2025\/08\/514204872_1242767810980991_5826353935679997508_n-768x410.jpg 768w, https:\/\/bsv93magdeburg.de\/wp-content\/uploads\/2025\/08\/514204872_1242767810980991_5826353935679997508_n-1536x819.jpg 1536w, https:\/\/bsv93magdeburg.de\/wp-content\/uploads\/2025\/08\/514204872_1242767810980991_5826353935679997508_n-640x341.jpg 640w, https:\/\/bsv93magdeburg.de\/wp-content\/uploads\/2025\/08\/514204872_1242767810980991_5826353935679997508_n.jpg 1920w\" sizes=\"auto, (max-width: 1024px) 100vw, 1024px\" \/><\/figure>\n\n\n\n<figure class=\"wp-block-image size-full is-resized\"><img loading=\"lazy\" decoding=\"async\" width=\"1600\" height=\"761\" src=\"https:\/\/bsv93magdeburg.de\/wp-content\/uploads\/2025\/08\/WhatsApp-Image-2025-08-08-at-10.01.41.jpeg\" alt=\"\" class=\"wp-image-4938\" style=\"width:716px;height:auto\" srcset=\"https:\/\/bsv93magdeburg.de\/wp-content\/uploads\/2025\/08\/WhatsApp-Image-2025-08-08-at-10.01.41.jpeg 1600w, https:\/\/bsv93magdeburg.de\/wp-content\/uploads\/2025\/08\/WhatsApp-Image-2025-08-08-at-10.01.41-300x143.jpeg 300w, https:\/\/bsv93magdeburg.de\/wp-content\/uploads\/2025\/08\/WhatsApp-Image-2025-08-08-at-10.01.41-1024x487.jpeg 1024w, https:\/\/bsv93magdeburg.de\/wp-content\/uploads\/2025\/08\/WhatsApp-Image-2025-08-08-at-10.01.41-768x365.jpeg 768w, https:\/\/bsv93magdeburg.de\/wp-content\/uploads\/2025\/08\/WhatsApp-Image-2025-08-08-at-10.01.41-1536x731.jpeg 1536w, https:\/\/bsv93magdeburg.de\/wp-content\/uploads\/2025\/08\/WhatsApp-Image-2025-08-08-at-10.01.41-640x304.jpeg 640w\" sizes=\"auto, (max-width: 1600px) 100vw, 1600px\" \/><\/figure>\n<\/div>\n<\/div>\n\n\n\n<figure class=\"wp-block-image size-full\"><img loading=\"lazy\" decoding=\"async\" width=\"1000\" height=\"591\" src=\"https:\/\/bsv93magdeburg.de\/wp-content\/uploads\/2025\/08\/boehm-logo_large_w.png\" alt=\"\" class=\"wp-image-4936\" srcset=\"https:\/\/bsv93magdeburg.de\/wp-content\/uploads\/2025\/08\/boehm-logo_large_w.png 1000w, https:\/\/bsv93magdeburg.de\/wp-content\/uploads\/2025\/08\/boehm-logo_large_w-300x177.png 300w, https:\/\/bsv93magdeburg.de\/wp-content\/uploads\/2025\/08\/boehm-logo_large_w-768x454.png 768w, https:\/\/bsv93magdeburg.de\/wp-content\/uploads\/2025\/08\/boehm-logo_large_w-640x378.png 640w\" sizes=\"auto, (max-width: 1000px) 100vw, 1000px\" \/><\/figure>\n\n\n\n<figure class=\"wp-block-image size-full\"><a href=\"https:\/\/fetahu-asphalt.de\" target=\"_blank\" rel=\"noreferrer noopener\"><img loading=\"lazy\" decoding=\"async\" width=\"680\" height=\"435\" src=\"https:\/\/bsv93magdeburg.de\/wp-content\/uploads\/2024\/09\/Fetahu-Tiefbau.jpg\" alt=\"\" class=\"wp-image-4713\" srcset=\"https:\/\/bsv93magdeburg.de\/wp-content\/uploads\/2024\/09\/Fetahu-Tiefbau.jpg 680w, https:\/\/bsv93magdeburg.de\/wp-content\/uploads\/2024\/09\/Fetahu-Tiefbau-300x192.jpg 300w, https:\/\/bsv93magdeburg.de\/wp-content\/uploads\/2024\/09\/Fetahu-Tiefbau-640x409.jpg 640w\" sizes=\"auto, (max-width: 680px) 100vw, 680px\" \/><\/a><\/figure>\n\n\n<div class=\"wp-block-image is-resized\">\n<figure class=\"aligncenter size-large\"><a href=\"https:\/\/www.sparkasse-magdeburg.de\/\" target=\"_blank\" rel=\"noreferrer noopener\"><img loading=\"lazy\" decoding=\"async\" width=\"1024\" height=\"512\" src=\"https:\/\/bsv93magdeburg.de\/wp-content\/uploads\/2023\/07\/SSK_MagdeBurg-1024x512.jpg\" alt=\"\" class=\"wp-image-4208\" srcset=\"https:\/\/bsv93magdeburg.de\/wp-content\/uploads\/2023\/07\/SSK_MagdeBurg-1024x512.jpg 1024w, https:\/\/bsv93magdeburg.de\/wp-content\/uploads\/2023\/07\/SSK_MagdeBurg-300x150.jpg 300w, https:\/\/bsv93magdeburg.de\/wp-content\/uploads\/2023\/07\/SSK_MagdeBurg-768x384.jpg 768w, https:\/\/bsv93magdeburg.de\/wp-content\/uploads\/2023\/07\/SSK_MagdeBurg-640x320.jpg 640w, https:\/\/bsv93magdeburg.de\/wp-content\/uploads\/2023\/07\/SSK_MagdeBurg.jpg 1260w\" sizes=\"auto, (max-width: 1024px) 100vw, 1024px\" \/><\/a><\/figure>\n<\/div>\n\n<div class=\"wp-block-image\">\n<figure class=\"aligncenter size-full is-resized\"><a href=\"https:\/\/salzland-druck.com\/\"><img loading=\"lazy\" decoding=\"async\" width=\"160\" height=\"80\" src=\"https:\/\/bsv93magdeburg.de\/wp-content\/uploads\/2019\/01\/salzlanddruck.png\" alt=\"\" class=\"wp-image-1173\" style=\"width:156px;height:auto\"\/><\/a><\/figure>\n<\/div>\n\n<div class=\"wp-block-image\">\n<figure class=\"aligncenter is-resized\"><a href=\"https:\/\/www.oesa.de\/\" target=\"_blank\" rel=\"noreferrer noopener\"><img loading=\"lazy\" decoding=\"async\" width=\"282\" height=\"179\" src=\"https:\/\/bsv93magdeburg.de\/wp-content\/uploads\/2019\/01\/\u00f6sa-sponsor.png\" alt=\"\" class=\"wp-image-1192\" style=\"width:694px;height:auto\"\/><\/a><\/figure>\n<\/div>\n\n\n<figure class=\"wp-block-image size-full is-resized\"><a href=\"https:\/\/www.wobau-magdeburg.de\/\" target=\"_blank\" rel=\"noreferrer noopener\"><img loading=\"lazy\" decoding=\"async\" width=\"512\" height=\"98\" src=\"https:\/\/bsv93magdeburg.de\/wp-content\/uploads\/2023\/07\/Wobau.png\" alt=\"\" class=\"wp-image-4213\" style=\"width:648px;height:auto\" srcset=\"https:\/\/bsv93magdeburg.de\/wp-content\/uploads\/2023\/07\/Wobau.png 512w, https:\/\/bsv93magdeburg.de\/wp-content\/uploads\/2023\/07\/Wobau-300x57.png 300w\" sizes=\"auto, (max-width: 512px) 100vw, 512px\" \/><\/a><\/figure>\n\n\n\n<figure class=\"wp-block-image size-full is-resized\"><a href=\"https:\/\/www.fliesenleger-altrichter.de\" target=\"_blank\" rel=\"noreferrer noopener\"><img loading=\"lazy\" decoding=\"async\" width=\"600\" height=\"242\" src=\"https:\/\/bsv93magdeburg.de\/wp-content\/uploads\/2025\/10\/FA.png\" alt=\"\" class=\"wp-image-5067\" style=\"width:648px;height:auto\" srcset=\"https:\/\/bsv93magdeburg.de\/wp-content\/uploads\/2025\/10\/FA.png 600w, https:\/\/bsv93magdeburg.de\/wp-content\/uploads\/2025\/10\/FA-300x121.png 300w\" sizes=\"auto, (max-width: 600px) 100vw, 600px\" \/><\/a><\/figure>\n\n\n\n<figure class=\"wp-block-image size-large is-resized\"><a href=\"https:\/\/klempner-magdeburg.de\" target=\"_blank\" rel=\"noreferrer noopener\"><img loading=\"lazy\" decoding=\"async\" width=\"1024\" height=\"447\" src=\"https:\/\/bsv93magdeburg.de\/wp-content\/uploads\/2025\/08\/WhatsApp-Image-2025-08-27-at-11.22.141-1024x447.jpeg\" alt=\"\" class=\"wp-image-4951\" style=\"width:648px;height:auto\" srcset=\"https:\/\/bsv93magdeburg.de\/wp-content\/uploads\/2025\/08\/WhatsApp-Image-2025-08-27-at-11.22.141-1024x447.jpeg 1024w, https:\/\/bsv93magdeburg.de\/wp-content\/uploads\/2025\/08\/WhatsApp-Image-2025-08-27-at-11.22.141-300x131.jpeg 300w, https:\/\/bsv93magdeburg.de\/wp-content\/uploads\/2025\/08\/WhatsApp-Image-2025-08-27-at-11.22.141-768x335.jpeg 768w, https:\/\/bsv93magdeburg.de\/wp-content\/uploads\/2025\/08\/WhatsApp-Image-2025-08-27-at-11.22.141-640x279.jpeg 640w, https:\/\/bsv93magdeburg.de\/wp-content\/uploads\/2025\/08\/WhatsApp-Image-2025-08-27-at-11.22.141.jpeg 1536w\" sizes=\"auto, (max-width: 1024px) 100vw, 1024px\" \/><\/a><\/figure>\n\n\n\n<figure class=\"wp-block-image size-full is-resized\"><a href=\"https:\/\/montageservice-ehrecke.de\/?\" target=\"_blank\" rel=\"noreferrer noopener\"><img loading=\"lazy\" decoding=\"async\" width=\"753\" height=\"751\" src=\"https:\/\/bsv93magdeburg.de\/wp-content\/uploads\/2025\/08\/image0.jpeg\" alt=\"\" class=\"wp-image-4953\" style=\"width:639px;height:auto\" srcset=\"https:\/\/bsv93magdeburg.de\/wp-content\/uploads\/2025\/08\/image0.jpeg 753w, https:\/\/bsv93magdeburg.de\/wp-content\/uploads\/2025\/08\/image0-300x300.jpeg 300w, https:\/\/bsv93magdeburg.de\/wp-content\/uploads\/2025\/08\/image0-150x150.jpeg 150w, https:\/\/bsv93magdeburg.de\/wp-content\/uploads\/2025\/08\/image0-640x638.jpeg 640w\" sizes=\"auto, (max-width: 753px) 100vw, 753px\" \/><\/a><\/figure>\n\n\n\n<figure class=\"wp-block-image size-full\"><img loading=\"lazy\" decoding=\"async\" width=\"820\" height=\"211\" src=\"https:\/\/bsv93magdeburg.de\/wp-content\/uploads\/2026\/03\/ba6ec540-b14f-46ea-8bfa-6e4aad25f950.jpeg\" alt=\"\" class=\"wp-image-5998\" srcset=\"https:\/\/bsv93magdeburg.de\/wp-content\/uploads\/2026\/03\/ba6ec540-b14f-46ea-8bfa-6e4aad25f950.jpeg 820w, https:\/\/bsv93magdeburg.de\/wp-content\/uploads\/2026\/03\/ba6ec540-b14f-46ea-8bfa-6e4aad25f950-300x77.jpeg 300w, https:\/\/bsv93magdeburg.de\/wp-content\/uploads\/2026\/03\/ba6ec540-b14f-46ea-8bfa-6e4aad25f950-768x198.jpeg 768w, https:\/\/bsv93magdeburg.de\/wp-content\/uploads\/2026\/03\/ba6ec540-b14f-46ea-8bfa-6e4aad25f950-640x165.jpeg 640w\" sizes=\"auto, (max-width: 820px) 100vw, 820px\" \/><\/figure>\n","protected":false},"excerpt":{"rendered":"<p>Unsere Sponsoren<\/p>\n","protected":false},"author":10,"featured_media":0,"parent":0,"menu_order":0,"comment_status":"closed","ping_status":"closed","template":"","meta":{"advgb_blocks_editor_width":"default","advgb_blocks_columns_visual_guide":"","footnotes":""},"class_list":["post-262","page","type-page","status-publish","hentry","entry"],"coauthors":[],"author_meta":{"author_link":"https:\/\/bsv93magdeburg.de\/?author=10","display_name":"Jens Ziegler"},"relative_dates":{"created":"Ver\u00f6ffentlicht 8\u00a0Jahren vor","modified":"Aktualisiert 3\u00a0Wochen vor"},"absolute_dates":{"created":"Ver\u00f6ffentlicht am 28. September 2018","modified":"Aktualisiert am 29. M\u00e4rz 2026"},"absolute_dates_time":{"created":"Ver\u00f6ffentlicht am 28. September 2018 8:05","modified":"Aktualisiert am 29. M\u00e4rz 2026 0:26"},"featured_img_caption":"","featured_img":false,"series_order":"","_links":{"self":[{"href":"https:\/\/bsv93magdeburg.de\/index.php?rest_route=\/wp\/v2\/pages\/262","targetHints":{"allow":["GET"]}}],"collection":[{"href":"https:\/\/bsv93magdeburg.de\/index.php?rest_route=\/wp\/v2\/pages"}],"about":[{"href":"https:\/\/bsv93magdeburg.de\/index.php?rest_route=\/wp\/v2\/types\/page"}],"author":[{"embeddable":true,"href":"https:\/\/bsv93magdeburg.de\/index.php?rest_route=\/wp\/v2\/users\/10"}],"replies":[{"embeddable":true,"href":"https:\/\/bsv93magdeburg.de\/index.php?rest_route=%2Fwp%2Fv2%2Fcomments&post=262"}],"version-history":[{"count":126,"href":"https:\/\/bsv93magdeburg.de\/index.php?rest_route=\/wp\/v2\/pages\/262\/revisions"}],"predecessor-version":[{"id":6000,"href":"https:\/\/bsv93magdeburg.de\/index.php?rest_route=\/wp\/v2\/pages\/262\/revisions\/6000"}],"wp:attachment":[{"href":"https:\/\/bsv93magdeburg.de\/index.php?rest_route=%2Fwp%2Fv2%2Fmedia&parent=262"}],"curies":[{"name":"wp","href":"https:\/\/api.w.org\/{rel}","templated":true}]}}