{"id":260,"date":"2018-09-28T08:04:56","date_gmt":"2018-09-28T08:04:56","guid":{"rendered":"http:\/\/preview.bsv-93.de\/?page_id=260"},"modified":"2021-02-05T16:02:12","modified_gmt":"2021-02-05T16:02:12","slug":"geschichte","status":"publish","type":"page","link":"https:\/\/bsv93magdeburg.de\/?page_id=260","title":{"rendered":"Geschichte"},"content":{"rendered":"<div class=\"container\">\n<div id=\"primary\" class=\"content-area\">\n<article id=\"post-516\" class=\"post-516 page type-page status-publish hentry\">\n<div class=\"entry-content\">\n<p><strong>Die Gr\u00fcndung des BSV 93 Magdeburg erfolgte im Sommer des Jahres 1993, die eigentliche Geschichte liegt allerdings etwas weiter zur\u00fcck. Seinen Ursprung hat der Verein in der Betriebssportgemeinschaft des Wohnungsbaukombinates, welche 1979 unter dem damaligen Vereinsvorsitzenden Karl-Heinz Tornow mit den Sportarten Fu\u00dfball, Handball, Volleyball, Eisstockschie\u00dfen und Gymnastik gegr\u00fcndet wurde.<\/strong><\/p>\n<p><strong>Die Urspr\u00fcnge der heutigen Handballabteilung liegen aber eigentlich in der Betriebssportgemeinschaft von Empor Magdeburg. Es war 1983, als sich zwei Mannschaften wegen vereinsinterner Probleme von Empor trennten und der BSG WBK anschlossen. Da hier aber keine Jugendhandballmannschaften existierten, war es in den ersten Jahren sehr schwer, grundlegende Strukturen einer Handballabteilung aufzubauen. Joachim Fr\u00f6hlich, Frank Eckstein, G\u00fcnter Hellmich, Hans-J\u00f6rg Schulz, Bettina Knorrn sowie Jens Ziegler waren die ersten engagierten Trainer der neuen Jugendabteilung.<\/strong><\/p>\n<p><strong>Heimstatt war das gerade entstehende Wohngebiet Neu-Olvenstedt. Innerhalb weniger Jahre waren aus den anfangs zwei \u2013 zehn Mannschaften, vorerst nur im m\u00e4nnlichen Bereich, geworden. Die ersten sportlichen Erfolge kamen sp\u00e4rlich, aber die Vorw\u00e4rtsentwicklung war unverkennbar. Ein entscheidender Fakt war 1988 die Gr\u00fcndung einer Herrenmannschaft unter Trainer K.-D. Groth. Die Spieler kamen zwar aus den unterschiedlichsten Mannschaften, verbrachten aber Freizeit und Urlaub schon l\u00e4nger gemeinsam, so dass der Zusammenschluss folgerichtig kam. Entscheidend f\u00fcr die weitere Entwicklung wenn man die Zusammensetzung der damaligen Mannschaft betrachtet:<\/strong><\/p>\n<p><strong>Andreas Moog: sp\u00e4terer Vereinspr\u00e4sident<br \/>\nThorsten Lantzsch: sp\u00e4teres Vorstandsmitglied, sp\u00e4ter Trainer 1. M\u00e4nnermannschaft<br \/>\nJ\u00f6rg Stief: Spieler und sp\u00e4ter Trainer 3. M\u00e4nnermannschaft<br \/>\nFrank Eckstein: Spieler und Trainer<br \/>\nThomas Scheibe: sp\u00e4ter Mannschaftskapit\u00e4n der 1. M\u00e4nnermannschaft<br \/>\nHerbert G\u00fclzow: sp\u00e4ter Oberligaschiedsrichter und Schiedsrichterwart<\/strong><\/p>\n<p><strong>Mit Beginn der 90er Jahre gab es die Tr\u00e4gerschaft durch das Wohnungsbaukombinat nicht mehr. Der urspr\u00fcngliche Vereinssitz auf dem Sportplatz in Cracau hatte mit unserem haupts\u00e4chlichen Einzugsgebiet in Neu- Olvenstedt nur sehr wenig zu tun. Auch war die Finanzierung des Gesamtvereins v\u00f6llig unklar, so dass wir uns 1993 zur Gr\u00fcndung eines neuen Vereins entschlossen. Neben den Handballern traten auch die Frauen der Gymnastikgruppe sowie die Volleyballerinen dem neuen Verein bei. Beide Sportgruppen gibt es immer noch, wobei die Frauen der Gymnastikgruppe mit einem Durchschnittsalter von 75 die \u00c4ltesten im Verein sind.<\/strong><\/p>\n<p><strong>So begannen wir in dem neuen Verein mit ca. 250 Mitgliedern. Da wir die Strukturen des neuen Sportsystems schnell verinnerlichten, schnell einige Sponsoren fanden und die Mitgliedsbeitr\u00e4ge fr\u00fchzeitig erh\u00f6hten, hatten wir im Vergleich zu vielen anderen Vereinen in den ersten Jahren insbesondere finanziell keine Probleme. Somit stieg die Attraktivit\u00e4t schnell, da wir unsere Jugendmannschaften einerseits sehr hochwertig einkleiden konnten und andererseits viele sch\u00f6ne Erlebnisse erm\u00f6glichten. Einzigartig unsere Winterferienzeiten in Tschechien und die zahlreichen Turnierbesuche in den Alten Bundesl\u00e4ndern. Viele Landesmeisterschaftsmedaillen in allen Altersbereichen wurden zur Normalit\u00e4t und der Aufstieg unserer Herrenmannschaft von der Stadtliga bis zur Sachsen- Anhalt- Liga in den Jahren 1993 -2000 ausschlie\u00dflich mit selbst ausgebildeten Spielern die logische Konsequenz. Ein weiterer wichtiger Entwicklungsschritt war der Aufbau des weiblichen Handballnachwuchses ab dem Jahr 1996 durch die Familie Miedreich als Hauptinitiatoren.<\/strong><\/p>\n<p><strong>Somit stieg die Mitgliederzahl bis Ende der 90er Jahre schnell auf 450.<\/strong><\/p>\n<\/div>\n<\/article>\n<\/div>\n<\/div>\n","protected":false},"excerpt":{"rendered":"<p>Die Gr\u00fcndung des BSV 93 Magdeburg erfolgte im Sommer des Jahres 1993, die eigentliche Geschichte liegt allerdings etwas weiter zur\u00fcck. Seinen Ursprung hat der Verein in der Betriebssportgemeinschaft des Wohnungsbaukombinates,&#8230;<\/p>\n","protected":false},"author":10,"featured_media":0,"parent":0,"menu_order":0,"comment_status":"closed","ping_status":"closed","template":"","meta":{"advgb_blocks_editor_width":"","advgb_blocks_columns_visual_guide":"","footnotes":""},"class_list":["post-260","page","type-page","status-publish","hentry","entry"],"coauthors":[],"author_meta":{"author_link":"https:\/\/bsv93magdeburg.de\/?author=10","display_name":"Jens Ziegler"},"relative_dates":{"created":"Ver\u00f6ffentlicht 8\u00a0Jahren vor","modified":"Aktualisiert 5\u00a0Jahren vor"},"absolute_dates":{"created":"Ver\u00f6ffentlicht am 28. September 2018","modified":"Aktualisiert am 5. Februar 2021"},"absolute_dates_time":{"created":"Ver\u00f6ffentlicht am 28. September 2018 8:04","modified":"Aktualisiert am 5. Februar 2021 16:02"},"featured_img_caption":"","featured_img":false,"series_order":"","_links":{"self":[{"href":"https:\/\/bsv93magdeburg.de\/index.php?rest_route=\/wp\/v2\/pages\/260","targetHints":{"allow":["GET"]}}],"collection":[{"href":"https:\/\/bsv93magdeburg.de\/index.php?rest_route=\/wp\/v2\/pages"}],"about":[{"href":"https:\/\/bsv93magdeburg.de\/index.php?rest_route=\/wp\/v2\/types\/page"}],"author":[{"embeddable":true,"href":"https:\/\/bsv93magdeburg.de\/index.php?rest_route=\/wp\/v2\/users\/10"}],"replies":[{"embeddable":true,"href":"https:\/\/bsv93magdeburg.de\/index.php?rest_route=%2Fwp%2Fv2%2Fcomments&post=260"}],"version-history":[{"count":6,"href":"https:\/\/bsv93magdeburg.de\/index.php?rest_route=\/wp\/v2\/pages\/260\/revisions"}],"predecessor-version":[{"id":3051,"href":"https:\/\/bsv93magdeburg.de\/index.php?rest_route=\/wp\/v2\/pages\/260\/revisions\/3051"}],"wp:attachment":[{"href":"https:\/\/bsv93magdeburg.de\/index.php?rest_route=%2Fwp%2Fv2%2Fmedia&parent=260"}],"curies":[{"name":"wp","href":"https:\/\/api.w.org\/{rel}","templated":true}]}}