{"id":258,"date":"2018-09-28T08:04:40","date_gmt":"2018-09-28T08:04:40","guid":{"rendered":"http:\/\/preview.bsv-93.de\/?page_id=258"},"modified":"2024-01-26T19:20:21","modified_gmt":"2024-01-26T18:20:21","slug":"vorstand","status":"publish","type":"page","link":"https:\/\/bsv93magdeburg.de\/?page_id=258","title":{"rendered":"Vorstand"},"content":{"rendered":"<div class=\"wp-block-image\">\n<figure class=\"aligncenter size-full\"><img loading=\"lazy\" decoding=\"async\" width=\"640\" height=\"358\" src=\"https:\/\/bsv93magdeburg.de\/wp-content\/uploads\/2018\/11\/Vorstand.jpg\" alt=\"\" class=\"wp-image-868\" srcset=\"https:\/\/bsv93magdeburg.de\/wp-content\/uploads\/2018\/11\/Vorstand.jpg 640w, https:\/\/bsv93magdeburg.de\/wp-content\/uploads\/2018\/11\/Vorstand-300x168.jpg 300w\" sizes=\"auto, (max-width: 640px) 100vw, 640px\" \/><figcaption class=\"wp-element-caption\">(v.l.n.r.): Maximilian Post, Oliver Scheerenberg, Andrea Schulze, Mike H\u00f6fer<\/figcaption><\/figure>\n<\/div>\n\n<div class=\"entry-content\" style=\"text-align: center;\"><strong>Pr\u00e4sident<\/strong><br \/><a href=\"mailto:o.scheerenberg@bsv93magdeburg.de\">Oliver Scheerenberg <\/a>\n<p style=\"text-align: center;\"><strong>Schatzmeister<\/strong><br \/><a href=\"mailto:post.md93@googlemail.com\">Maximilian Post<\/a><\/p>\n<p style=\"text-align: center;\"><strong>weitere Vorstandsmitglieder<\/strong><br \/><a href=\"mailto:schulze@bsv93magdeburg.de\">Andrea Schulze<\/a><br \/><a href=\"mailto:hoefer.bsg2010@googlemail.com\">Mike H\u00f6fer <\/a><\/p>\n<hr \/>\n<p style=\"text-align: center;\"><strong>Erreichbarkeit Gesamtvorstand<\/strong><br \/><a href=\"mailto:vorstand@bsv93magdeburg\">Vorstand<\/a><\/p>\n<p style=\"text-align: center;\"><strong>Erweiterter Vorstand<\/strong><br \/><a href=\"mailto:j.bade@bsv93magdeburg.de\">John Bade <\/a><\/p>\n<p><a href=\"mailto:maxschiefi@gmail.com\">Max Schieferdecker<\/a><\/p>\n<p style=\"text-align: center;\"><a href=\"mailto:geckertbande@mdcc-fun.de\">Nico Geckert<\/a><\/p>\n<p>Henry B\u00f6ckelmann<\/p>\n<p>Lucy Lara Liebe<\/p>\n<p>Marie Hermes<\/p>\n<\/div>\n<div class=\"entry-content\" style=\"text-align: center;\">\n<p><strong>Sportlicher Leiter<\/strong><\/p>\n<p style=\"text-align: center;\"><a href=\"mailto:ziegler@bsv93magdeburg.de\">Jens Ziegler<\/a><\/p>\n<\/div>\n\n\n<p><\/p>\n\n\n\n\n","protected":false},"excerpt":{"rendered":"<p>Pr\u00e4sidentOliver Scheerenberg SchatzmeisterMaximilian Post weitere VorstandsmitgliederAndrea SchulzeMike H\u00f6fer Erreichbarkeit GesamtvorstandVorstand Erweiterter VorstandJohn Bade Max Schieferdecker Nico Geckert Henry B\u00f6ckelmann Lucy Lara Liebe Marie Hermes Sportlicher Leiter Jens Ziegler<\/p>\n","protected":false},"author":10,"featured_media":0,"parent":0,"menu_order":0,"comment_status":"closed","ping_status":"closed","template":"","meta":{"advgb_blocks_editor_width":"","advgb_blocks_columns_visual_guide":"","footnotes":""},"class_list":["post-258","page","type-page","status-publish","hentry","entry"],"coauthors":[],"author_meta":{"author_link":"https:\/\/bsv93magdeburg.de\/?author=10","display_name":"Jens Ziegler"},"relative_dates":{"created":"Ver\u00f6ffentlicht 8\u00a0Jahren vor","modified":"Aktualisiert 2\u00a0Jahren vor"},"absolute_dates":{"created":"Ver\u00f6ffentlicht am 28. September 2018","modified":"Aktualisiert am 26. Januar 2024"},"absolute_dates_time":{"created":"Ver\u00f6ffentlicht am 28. September 2018 8:04","modified":"Aktualisiert am 26. Januar 2024 19:20"},"featured_img_caption":"","featured_img":false,"series_order":"","_links":{"self":[{"href":"https:\/\/bsv93magdeburg.de\/index.php?rest_route=\/wp\/v2\/pages\/258","targetHints":{"allow":["GET"]}}],"collection":[{"href":"https:\/\/bsv93magdeburg.de\/index.php?rest_route=\/wp\/v2\/pages"}],"about":[{"href":"https:\/\/bsv93magdeburg.de\/index.php?rest_route=\/wp\/v2\/types\/page"}],"author":[{"embeddable":true,"href":"https:\/\/bsv93magdeburg.de\/index.php?rest_route=\/wp\/v2\/users\/10"}],"replies":[{"embeddable":true,"href":"https:\/\/bsv93magdeburg.de\/index.php?rest_route=%2Fwp%2Fv2%2Fcomments&post=258"}],"version-history":[{"count":24,"href":"https:\/\/bsv93magdeburg.de\/index.php?rest_route=\/wp\/v2\/pages\/258\/revisions"}],"predecessor-version":[{"id":4562,"href":"https:\/\/bsv93magdeburg.de\/index.php?rest_route=\/wp\/v2\/pages\/258\/revisions\/4562"}],"wp:attachment":[{"href":"https:\/\/bsv93magdeburg.de\/index.php?rest_route=%2Fwp%2Fv2%2Fmedia&parent=258"}],"curies":[{"name":"wp","href":"https:\/\/api.w.org\/{rel}","templated":true}]}}