{"id":243,"date":"2018-09-28T07:55:23","date_gmt":"2018-09-28T05:55:23","guid":{"rendered":"http:\/\/preview.bsv-93.de\/?page_id=243"},"modified":"2026-04-11T20:56:28","modified_gmt":"2026-04-11T18:56:28","slug":"maennliche-d-jugend-2","status":"publish","type":"page","link":"https:\/\/bsv93magdeburg.de\/?page_id=243","title":{"rendered":"M\u00e4nnliche D-Jugend I"},"content":{"rendered":"\n<figure class=\"wp-block-image size-large\"><img loading=\"lazy\" decoding=\"async\" width=\"1024\" height=\"576\" src=\"https:\/\/bsv93magdeburg.de\/wp-content\/uploads\/2025\/11\/IMG_1840-1024x576.jpeg\" alt=\"\" class=\"wp-image-5405\" srcset=\"https:\/\/bsv93magdeburg.de\/wp-content\/uploads\/2025\/11\/IMG_1840-1024x576.jpeg 1024w, https:\/\/bsv93magdeburg.de\/wp-content\/uploads\/2025\/11\/IMG_1840-300x169.jpeg 300w, https:\/\/bsv93magdeburg.de\/wp-content\/uploads\/2025\/11\/IMG_1840-768x432.jpeg 768w, https:\/\/bsv93magdeburg.de\/wp-content\/uploads\/2025\/11\/IMG_1840-1536x864.jpeg 1536w, https:\/\/bsv93magdeburg.de\/wp-content\/uploads\/2025\/11\/IMG_1840-640x360.jpeg 640w, https:\/\/bsv93magdeburg.de\/wp-content\/uploads\/2025\/11\/IMG_1840.jpeg 1920w\" sizes=\"auto, (max-width: 1024px) 100vw, 1024px\" \/><\/figure>\n\n\n\n<div class=\"wp-block-columns has-2-columns is-layout-flex wp-container-core-columns-is-layout-9d6595d7 wp-block-columns-is-layout-flex\">\n<div class=\"wp-block-column is-layout-flow wp-block-column-is-layout-flow\">\n<p><strong>Ansprechpartner<\/strong><\/p>\n\n\n\n<figure class=\"wp-block-image size-full is-resized\"><img decoding=\"async\" src=\"https:\/\/bsv93magdeburg.de\/wp-content\/uploads\/2025\/10\/IMG_1750.jpeg\" alt=\"\" class=\"wp-image-5101\" style=\"width:118px;height:auto\"\/><\/figure>\n\n\n\n<p>Trainer: <a href=\"mailto:ziegler@bsv93magdeburg.de\">Jens Ziegler<\/a> 0170-8660256<\/p>\n\n\n\n<figure class=\"wp-block-image size-full is-resized\"><img decoding=\"async\" src=\"https:\/\/bsv93magdeburg.de\/wp-content\/uploads\/2025\/10\/IMG_1750.jpeg\" alt=\"\" class=\"wp-image-5101\" style=\"width:118px;height:auto\"\/><\/figure>\n\n\n\n<p>Co-Trainer: Marcel Gr\u00fcneberg<\/p>\n\n\n\n<figure class=\"wp-block-image size-full is-resized\"><img loading=\"lazy\" decoding=\"async\" width=\"791\" height=\"1032\" src=\"https:\/\/bsv93magdeburg.de\/wp-content\/uploads\/2026\/04\/IMG_2424-1.jpeg\" alt=\"\" class=\"wp-image-6023\" style=\"width:119px;height:auto\" srcset=\"https:\/\/bsv93magdeburg.de\/wp-content\/uploads\/2026\/04\/IMG_2424-1.jpeg 791w, https:\/\/bsv93magdeburg.de\/wp-content\/uploads\/2026\/04\/IMG_2424-1-230x300.jpeg 230w, https:\/\/bsv93magdeburg.de\/wp-content\/uploads\/2026\/04\/IMG_2424-1-785x1024.jpeg 785w, https:\/\/bsv93magdeburg.de\/wp-content\/uploads\/2026\/04\/IMG_2424-1-768x1002.jpeg 768w, https:\/\/bsv93magdeburg.de\/wp-content\/uploads\/2026\/04\/IMG_2424-1-640x835.jpeg 640w\" sizes=\"auto, (max-width: 791px) 100vw, 791px\" \/><\/figure>\n\n\n\n<p>Co-Trainer: Kevin Klingler 0172-6755183                           <\/p>\n<\/div>\n\n\n\n<div class=\"wp-block-column is-layout-flow wp-block-column-is-layout-flow\">\n<p><strong>Trainingszeiten<\/strong><\/p>\n\n\n\n<p>Dienstag 17:30-19:00 Sporthalle Kritzmannstra\u00dfe<\/p>\n\n\n\n<p>Mittwoch 17:40-19:00 Sporthalle Kritzmannstra\u00dfe<\/p>\n\n\n\n<p>Donnerstag 17:30-19:00 Sporthalle GS Grenzweg<\/p>\n\n\n\n<p><strong>Saisonziel<\/strong><\/p>\n\n\n\n<p>Unser m\u00e4nnlicher Jahrgang 2013 tritt in der Saison 2025\/26 in der D-Jugend Oberliga des HVSA an. In dieser Saison sollen die Grundlagen des Handballs weiter gefestigt werden. Ziel ist ein Platz unter den Top 3 der Liga zu erringen.<\/p>\n\n\n\n<p><strong>Links<\/strong><\/p>\n\n\n\n<p><a href=\"https:\/\/hvsa-handball.liga.nu\/cgi-bin\/WebObjects\/nuLigaHBDE.woa\/wa\/teamPortrait?teamtable=2116112&amp;pageState=vorrunde&amp;championship=HVSA+25%2F26&amp;group=427860\" target=\"_blank\" rel=\"noreferrer noopener\">Spielplan<\/a><\/p>\n\n\n\n<p><a href=\"https:\/\/hvsa-handball.liga.nu\/cgi-bin\/WebObjects\/nuLigaHBDE.woa\/wa\/groupPage?championship=HVSA+25%2F26&amp;group=427860\" target=\"_blank\" rel=\"noreferrer noopener\">Tabelle m\u00e4nnliche D-Jugend Oberliga<\/a><\/p>\n\n\n\n<p><a href=\"https:\/\/bsv93magdeburg.de\/?cat=12\">Beitr\u00e4ge<\/a><\/p>\n<\/div>\n<\/div>\n\n\n\n<div class=\"wp-block-advgb-images-slider advgb-images-slider-block advg-images-slider-a1c4e0db-fb2d-41e9-af19-6702c426b68a\"><div class=\"advgb-images-slider\" dir=\"ltr\"><div class=\"advgb-image-slider-item\"><img decoding=\"async\" src=\"https:\/\/bsv93magdeburg.de\/wp-content\/uploads\/2026\/01\/IMG_2183-scaled.jpeg\" class=\"advgb-image-slider-img\" alt=\"\" style=\"width:100%;height:auto\"\/><div class=\"advgb-image-slider-item-info\" style=\"justify-content:center;align-items:center\"><\/div><\/div><div class=\"advgb-image-slider-item\"><img decoding=\"async\" src=\"https:\/\/bsv93magdeburg.de\/wp-content\/uploads\/2025\/12\/IMG_1934-scaled.jpeg\" class=\"advgb-image-slider-img\" alt=\"\" style=\"width:100%;height:auto\"\/><div class=\"advgb-image-slider-item-info\" style=\"justify-content:center;align-items:center\"><\/div><\/div><div class=\"advgb-image-slider-item\"><img decoding=\"async\" src=\"https:\/\/bsv93magdeburg.de\/wp-content\/uploads\/2025\/10\/IMG-20251001-WA00021.jpg\" class=\"advgb-image-slider-img\" alt=\"\" style=\"width:100%;height:auto\"\/><div class=\"advgb-image-slider-item-info\" style=\"justify-content:center;align-items:center\"><\/div><\/div><div class=\"advgb-image-slider-item\"><img decoding=\"async\" src=\"https:\/\/bsv93magdeburg.de\/wp-content\/uploads\/2025\/11\/ba362c86-e7af-492f-a426-f321dabd2da0-scaled.jpeg\" class=\"advgb-image-slider-img\" alt=\"\" style=\"width:100%;height:auto\"\/><div class=\"advgb-image-slider-item-info\" style=\"justify-content:center;align-items:center\"><\/div><\/div><div class=\"advgb-image-slider-item\"><img decoding=\"async\" src=\"https:\/\/bsv93magdeburg.de\/wp-content\/uploads\/2025\/08\/WhatsApp-Bild-2025-08-26-um-10.50.03_388719b6.jpg\" class=\"advgb-image-slider-img\" alt=\"\" style=\"width:100%;height:auto\"\/><div class=\"advgb-image-slider-item-info\" style=\"justify-content:center;align-items:center\"><\/div><\/div><div class=\"advgb-image-slider-item\"><img decoding=\"async\" src=\"https:\/\/bsv93magdeburg.de\/wp-content\/uploads\/2025\/11\/IMG_1558-scaled.jpeg\" class=\"advgb-image-slider-img\" alt=\"\" style=\"width:100%;height:auto\"\/><div class=\"advgb-image-slider-item-info\" style=\"justify-content:center;align-items:center\"><\/div><\/div><div class=\"advgb-image-slider-item\"><img decoding=\"async\" src=\"https:\/\/bsv93magdeburg.de\/wp-content\/uploads\/2025\/11\/IMG_1557-scaled.jpeg\" class=\"advgb-image-slider-img\" alt=\"\" style=\"width:100%;height:auto\"\/><div class=\"advgb-image-slider-item-info\" style=\"justify-content:center;align-items:center\"><\/div><\/div><div class=\"advgb-image-slider-item\"><img decoding=\"async\" src=\"https:\/\/bsv93magdeburg.de\/wp-content\/uploads\/2025\/11\/968a4f10-6800-4627-8f0e-da26ab3f3dac.jpeg\" class=\"advgb-image-slider-img\" alt=\"\" style=\"width:100%;height:auto\"\/><div class=\"advgb-image-slider-item-info\" style=\"justify-content:center;align-items:center\"><\/div><\/div><div class=\"advgb-image-slider-item\"><img decoding=\"async\" src=\"https:\/\/bsv93magdeburg.de\/wp-content\/uploads\/2025\/08\/WhatsApp-Bild-2025-08-20-um-11.34.35_24c1ce30.jpg\" class=\"advgb-image-slider-img\" alt=\"\" style=\"width:100%;height:auto\"\/><div class=\"advgb-image-slider-item-info\" style=\"justify-content:center;align-items:center\"><\/div><\/div><div class=\"advgb-image-slider-item\"><img decoding=\"async\" src=\"https:\/\/bsv93magdeburg.de\/wp-content\/uploads\/2025\/11\/IMG_1263-scaled.jpeg\" class=\"advgb-image-slider-img\" alt=\"\" style=\"width:100%;height:auto\"\/><div class=\"advgb-image-slider-item-info\" style=\"justify-content:center;align-items:center\"><\/div><\/div><div class=\"advgb-image-slider-item\"><img decoding=\"async\" src=\"https:\/\/bsv93magdeburg.de\/wp-content\/uploads\/2025\/11\/IMG_1272-scaled.jpeg\" class=\"advgb-image-slider-img\" alt=\"\" style=\"width:100%;height:auto\"\/><div class=\"advgb-image-slider-item-info\" style=\"justify-content:center;align-items:center\"><\/div><\/div><div class=\"advgb-image-slider-item\"><img decoding=\"async\" src=\"https:\/\/bsv93magdeburg.de\/wp-content\/uploads\/2025\/11\/IMG_1236-scaled.jpeg\" class=\"advgb-image-slider-img\" alt=\"\" style=\"width:100%;height:auto\"\/><div class=\"advgb-image-slider-item-info\" style=\"justify-content:center;align-items:center\"><\/div><\/div><\/div><\/div>\n","protected":false},"excerpt":{"rendered":"<p>Ansprechpartner Trainer: Jens Ziegler 0170-8660256 Co-Trainer: Marcel Gr\u00fcneberg Co-Trainer: Kevin Klingler 0172-6755183 Trainingszeiten Dienstag 17:30-19:00 Sporthalle Kritzmannstra\u00dfe Mittwoch 17:40-19:00 Sporthalle Kritzmannstra\u00dfe Donnerstag 17:30-19:00 Sporthalle GS Grenzweg Saisonziel Unser m\u00e4nnlicher Jahrgang&#8230;<\/p>\n","protected":false},"author":10,"featured_media":0,"parent":0,"menu_order":0,"comment_status":"closed","ping_status":"closed","template":"","meta":{"advgb_blocks_editor_width":"","advgb_blocks_columns_visual_guide":"","footnotes":""},"class_list":["post-243","page","type-page","status-publish","hentry","entry"],"coauthors":[],"author_meta":{"author_link":"https:\/\/bsv93magdeburg.de\/?author=10","display_name":"Jens Ziegler"},"relative_dates":{"created":"Ver\u00f6ffentlicht 8\u00a0Jahren vor","modified":"Aktualisiert 4\u00a0Tagen vor"},"absolute_dates":{"created":"Ver\u00f6ffentlicht am 28. September 2018","modified":"Aktualisiert am 11. April 2026"},"absolute_dates_time":{"created":"Ver\u00f6ffentlicht am 28. September 2018 7:55","modified":"Aktualisiert am 11. April 2026 20:56"},"featured_img_caption":"","featured_img":false,"series_order":"","_links":{"self":[{"href":"https:\/\/bsv93magdeburg.de\/index.php?rest_route=\/wp\/v2\/pages\/243","targetHints":{"allow":["GET"]}}],"collection":[{"href":"https:\/\/bsv93magdeburg.de\/index.php?rest_route=\/wp\/v2\/pages"}],"about":[{"href":"https:\/\/bsv93magdeburg.de\/index.php?rest_route=\/wp\/v2\/types\/page"}],"author":[{"embeddable":true,"href":"https:\/\/bsv93magdeburg.de\/index.php?rest_route=\/wp\/v2\/users\/10"}],"replies":[{"embeddable":true,"href":"https:\/\/bsv93magdeburg.de\/index.php?rest_route=%2Fwp%2Fv2%2Fcomments&post=243"}],"version-history":[{"count":55,"href":"https:\/\/bsv93magdeburg.de\/index.php?rest_route=\/wp\/v2\/pages\/243\/revisions"}],"predecessor-version":[{"id":6025,"href":"https:\/\/bsv93magdeburg.de\/index.php?rest_route=\/wp\/v2\/pages\/243\/revisions\/6025"}],"wp:attachment":[{"href":"https:\/\/bsv93magdeburg.de\/index.php?rest_route=%2Fwp%2Fv2%2Fmedia&parent=243"}],"curies":[{"name":"wp","href":"https:\/\/api.w.org\/{rel}","templated":true}]}}